{"id":27,"date":"2025-02-11T21:52:21","date_gmt":"2025-02-11T20:52:21","guid":{"rendered":"http:\/\/97society.com\/?page_id=27"},"modified":"2025-02-11T21:53:45","modified_gmt":"2025-02-11T20:53:45","slug":"conditions-generales-de-vente-du-programme-de-fidelite-97-society-par-la-cave-des-clubs","status":"publish","type":"page","link":"http:\/\/97society.com\/?page_id=27","title":{"rendered":"Conditions G\u00e9n\u00e9rales de Vente du Programme de Fid\u00e9lit\u00e9 \u00ab\u00a097 Society\u00a0\u00bb par La Cave Des Clubs"},"content":{"rendered":"\t\t<div data-elementor-type=\"wp-page\" data-elementor-id=\"27\" class=\"elementor elementor-27\">\n\t\t\t\t<div class=\"elementor-element elementor-element-fc609b5 e-flex e-con-boxed e-con e-parent\" data-id=\"fc609b5\" data-element_type=\"container\">\n\t\t\t\t\t<div class=\"e-con-inner\">\n\t\t\t\t<div class=\"elementor-element elementor-element-117d31a elementor-widget elementor-widget-text-editor\" data-id=\"117d31a\" data-element_type=\"widget\" data-widget_type=\"text-editor.default\">\n\t\t\t\t<div class=\"elementor-widget-container\">\n\t\t\t\t\t\t\t\t\t<p><strong>Conditions G\u00e9n\u00e9rales de Vente du Programme de Fid\u00e9lit\u00e9 \u00ab\u00a097 Society\u00a0\u00bb par La Cave Des Clubs<\/strong><\/p><p><strong>Soci\u00e9t\u00e9 organisatrice :<\/strong><br \/>La Cave Des Clubs, soci\u00e9t\u00e9 immatricul\u00e9e au RCS de Versailles sous le num\u00e9ro B 843 982 794, domicili\u00e9e au 41 rue Fourny, 78530 Buc, avec le num\u00e9ro de TVA intracommunautaire FR74843982794 (ci-apr\u00e8s d\u00e9nomm\u00e9e \u00ab\u00a0La Soci\u00e9t\u00e9\u00a0\u00bb).<\/p><h2><strong>Article 1 : Objet<\/strong><\/h2><p>Le pr\u00e9sent r\u00e8glement a pour objet de d\u00e9finir les conditions g\u00e9n\u00e9rales du programme de fid\u00e9lit\u00e9 organis\u00e9 par La Soci\u00e9t\u00e9. Ce programme permet aux clients de b\u00e9n\u00e9ficier de r\u00e9compenses sous forme de lots en \u00e9change de points accumul\u00e9s selon les modalit\u00e9s d\u00e9finies par La Soci\u00e9t\u00e9.<\/p><hr \/><h2><strong>Article 2 : Conditions d\u2019\u00e9ligibilit\u00e9<\/strong><\/h2><p>Pour b\u00e9n\u00e9ficier des avantages du programme de fid\u00e9lit\u00e9, le client doit\u202f:<\/p><ol><li>\u00catre inscrit au programme de fid\u00e9lit\u00e9 de La Soci\u00e9t\u00e9.<\/li><li>\u00catre \u00e0 jour du paiement de toutes ses factures envers La Soci\u00e9t\u00e9. Tout retard ou d\u00e9faut de paiement suspend les droits \u00e0 participation au programme et \u00e0 l\u2019obtention des r\u00e9compenses.<\/li><\/ol><hr \/><h2><strong>Article 3 : Attribution et validit\u00e9 des points<\/strong><\/h2><h3><strong>3.1 Attribution des points<\/strong><\/h3><p>Les points sont attribu\u00e9s en fonction des commandes r\u00e9gl\u00e9es par le client aupr\u00e8s de La Soci\u00e9t\u00e9. Le principe d\u2019accumulation est le suivant\u202f:<\/p><ul><li><strong>1 euro HT de commande pay\u00e9e<\/strong> = <strong>10 points<\/strong>.<\/li><\/ul><p>Les points sont cr\u00e9dit\u00e9s une fois que le paiement de la facture associ\u00e9e a \u00e9t\u00e9 re\u00e7u et valid\u00e9 par La Soci\u00e9t\u00e9.<\/p><h3><strong>3.2 Validit\u00e9 des points<\/strong><\/h3><ul><li>Les points accumul\u00e9s sont valables pendant une p\u00e9riode de <strong>6 mois \u00e0 compter de la date du dernier r\u00e8glement effectu\u00e9 par le client<\/strong>.<\/li><li>Au-del\u00e0 de cette p\u00e9riode, les points non utilis\u00e9s sont automatiquement annul\u00e9s.<\/li><\/ul><h3><strong>3.3 Annulation des points en cas de retard de paiement<\/strong><\/h3><ul><li>En cas de retard de paiement sup\u00e9rieur \u00e0 <strong>90 jours apr\u00e8s la date de livraison de la commande<\/strong>, les points correspondant \u00e0 cette commande seront annul\u00e9s.<\/li><\/ul><hr \/><h2><strong>Article 4 : Lots et conditions sp\u00e9cifiques<\/strong><\/h2><p>Les lots propos\u00e9s dans le cadre du programme de fid\u00e9lit\u00e9 sont donn\u00e9s \u00e0 titre indicatif et peuvent \u00eatre remplac\u00e9s \u00e0 tout moment par d\u2019autres lots de valeur \u00e9quivalente. Les d\u00e9tails et conditions sp\u00e9cifiques pour certains lots sont pr\u00e9cis\u00e9s ci-dessous\u202f:<\/p><h3><strong>4.1 D\u00eener pour deux personnes dans un restaurant \u00e9toil\u00e9 Michelin<\/strong><\/h3><ul><li>Ce lot correspond \u00e0 un bon d\u2019achat couvrant deux menus pour un montant total de <strong>300 euros TTC<\/strong>, hors boissons.<\/li><li>Le choix du restaurant est propos\u00e9 par La Soci\u00e9t\u00e9 dans un panel d&rsquo;\u00e9tablissements partenaires.<\/li><\/ul><h3><strong>4.2 Location Porsche Boxster S pour un week-end<\/strong><\/h3><ul><li>Ce lot correspond \u00e0 un bon d\u2019achat d\u2019une valeur de <strong>1 500 euros TTC<\/strong> \u00e0 utiliser dans le catalogue de notre partenaire <strong>Americar Prestige<\/strong>.<\/li><li>Si la location s\u2019effectue sans chauffeur\u202f:<ul><li>Le versement de la caution est \u00e0 la charge du conducteur.<\/li><li>La location est soumise aux conditions g\u00e9n\u00e9rales et aux exigences sp\u00e9cifiques de notre partenaire, notamment en termes d\u2019\u00e2ge, de permis de conduire valide, et de d\u00e9p\u00f4t de garantie.<\/li><\/ul><\/li><\/ul><h3><strong>4.3 Billets d\u2019avion Paris-New York<\/strong><\/h3><ul><li>Ce lot correspond \u00e0 un aller-retour pour deux personnes en classe \u00e9conomique vers la destination <strong>Paris-New York<\/strong>, ou toute autre destination pour un budget maximum de <strong>1 500 euros TTC<\/strong>.<\/li><li>Les billets sont \u00e9mis sous r\u00e9serve de disponibilit\u00e9 et des conditions tarifaires applicables au moment de la r\u00e9servation.<\/li><\/ul><hr \/><h2><strong>Article 5 : Modalit\u00e9s de participation et obtention des lots<\/strong><\/h2><ol><li>Les points accumul\u00e9s dans le cadre du programme de fid\u00e9lit\u00e9 peuvent \u00eatre \u00e9chang\u00e9s contre les lots propos\u00e9s par La Soci\u00e9t\u00e9.<\/li><li>Une fois un lot s\u00e9lectionn\u00e9, le client doit en faire la demande via le canal indiqu\u00e9 par La Soci\u00e9t\u00e9.<\/li><li>La validation de la demande est soumise \u00e0 l\u2019approbation de La Soci\u00e9t\u00e9 et \u00e0 la disponibilit\u00e9 du lot demand\u00e9.<\/li><li>Les lots ne peuvent \u00eatre ni repris, ni \u00e9chang\u00e9s contre leur valeur mon\u00e9taire, sauf d\u00e9cision contraire explicite de La Soci\u00e9t\u00e9.<\/li><\/ol><hr \/><h2><strong>Article 6 : Responsabilit\u00e9s<\/strong><\/h2><ol><li>La Soci\u00e9t\u00e9 ne saurait \u00eatre tenue responsable des conditions ou modifications apport\u00e9es par les partenaires associ\u00e9s aux lots (par exemple\u202f: disponibilit\u00e9 des produits ou services, exigences sp\u00e9cifiques).<\/li><li>Toute r\u00e9clamation concernant un lot doit \u00eatre adress\u00e9e directement \u00e0 La Soci\u00e9t\u00e9, qui agira en tant qu\u2019interm\u00e9diaire avec le partenaire concern\u00e9.<\/li><\/ol><hr \/><h2><strong>Article 7 : Modifications et fin du programme<\/strong><\/h2><p>La Soci\u00e9t\u00e9 se r\u00e9serve le droit de modifier les pr\u00e9sentes conditions g\u00e9n\u00e9rales, de suspendre ou de mettre fin au programme de fid\u00e9lit\u00e9 \u00e0 tout moment, sans pr\u00e9avis. En cas de modification, les nouvelles conditions seront communiqu\u00e9es aux participants.<\/p><hr \/><h2><strong>Article 8 : Acceptation des conditions g\u00e9n\u00e9rales<\/strong><\/h2><p>La participation au programme de fid\u00e9lit\u00e9 implique l\u2019acceptation sans r\u00e9serve des pr\u00e9sentes conditions g\u00e9n\u00e9rales.<\/p><hr \/><p>Pour toute question ou demande d\u2019information, merci de contacter La Soci\u00e9t\u00e9 \u00e0 l\u2019adresse suivante : <strong>41 rue Fourny, 78530 Buc<\/strong>, ou par t\u00e9l\u00e9phone.<\/p>\t\t\t\t\t\t\t\t<\/div>\n\t\t\t\t<\/div>\n\t\t\t\t\t<\/div>\n\t\t\t\t<\/div>\n\t\t\t\t<\/div>\n\t\t","protected":false},"excerpt":{"rendered":"<p>Conditions G\u00e9n\u00e9rales de Vente du Programme de Fid\u00e9lit\u00e9 \u00ab\u00a097 Society\u00a0\u00bb par La Cave Des Clubs Soci\u00e9t\u00e9 organisatrice :La Cave Des Clubs, soci\u00e9t\u00e9 immatricul\u00e9e au RCS de Versailles sous le num\u00e9ro B 843 982 794, domicili\u00e9e au 41 rue Fourny, 78530 Buc, avec le num\u00e9ro de TVA intracommunautaire FR74843982794 (ci-apr\u00e8s d\u00e9nomm\u00e9e \u00ab\u00a0La Soci\u00e9t\u00e9\u00a0\u00bb). Article 1 : &#8230; <a title=\"Conditions G\u00e9n\u00e9rales de Vente du Programme de Fid\u00e9lit\u00e9 \u00ab\u00a097 Society\u00a0\u00bb par La Cave Des Clubs\" class=\"read-more\" href=\"http:\/\/97society.com\/?page_id=27\" aria-label=\"En savoir plus sur Conditions G\u00e9n\u00e9rales de Vente du Programme de Fid\u00e9lit\u00e9 \u00ab\u00a097 Society\u00a0\u00bb par La Cave Des Clubs\">Lire la suite<\/a><\/p>\n","protected":false},"author":1,"featured_media":0,"parent":0,"menu_order":0,"comment_status":"closed","ping_status":"closed","template":"","meta":{"footnotes":""},"class_list":["post-27","page","type-page","status-publish"],"_links":{"self":[{"href":"http:\/\/97society.com\/index.php?rest_route=\/wp\/v2\/pages\/27","targetHints":{"allow":["GET"]}}],"collection":[{"href":"http:\/\/97society.com\/index.php?rest_route=\/wp\/v2\/pages"}],"about":[{"href":"http:\/\/97society.com\/index.php?rest_route=\/wp\/v2\/types\/page"}],"author":[{"embeddable":true,"href":"http:\/\/97society.com\/index.php?rest_route=\/wp\/v2\/users\/1"}],"replies":[{"embeddable":true,"href":"http:\/\/97society.com\/index.php?rest_route=%2Fwp%2Fv2%2Fcomments&post=27"}],"version-history":[{"count":4,"href":"http:\/\/97society.com\/index.php?rest_route=\/wp\/v2\/pages\/27\/revisions"}],"predecessor-version":[{"id":31,"href":"http:\/\/97society.com\/index.php?rest_route=\/wp\/v2\/pages\/27\/revisions\/31"}],"wp:attachment":[{"href":"http:\/\/97society.com\/index.php?rest_route=%2Fwp%2Fv2%2Fmedia&parent=27"}],"curies":[{"name":"wp","href":"https:\/\/api.w.org\/{rel}","templated":true}]}}